{"id":577,"date":"2024-08-30T10:36:56","date_gmt":"2024-08-30T08:36:56","guid":{"rendered":"https:\/\/co2-brasserie.fr\/?page_id=577"},"modified":"2025-12-11T06:30:42","modified_gmt":"2025-12-11T05:30:42","slug":"a-propos","status":"publish","type":"page","link":"https:\/\/co2-brasserie.fr\/it\/a-propos\/","title":{"rendered":"Informazioni"},"content":{"rendered":"<div data-elementor-type=\"wp-page\" data-elementor-id=\"577\" class=\"elementor elementor-577\" data-elementor-post-type=\"page\">\n\t\t\t\t<div class=\"elementor-element elementor-element-8d956b9 e-con-full e-flex e-con e-parent\" data-id=\"8d956b9\" data-element_type=\"container\">\n\t\t<div class=\"elementor-element elementor-element-f9f0992 e-flex e-con-boxed e-con e-child\" data-id=\"f9f0992\" data-element_type=\"container\">\n\t\t\t\t\t<div class=\"e-con-inner\">\n\t\t\t\t<div class=\"elementor-element elementor-element-ce236d6 elementor-widget elementor-widget-spacer\" data-id=\"ce236d6\" data-element_type=\"widget\" data-widget_type=\"spacer.default\">\n\t\t\t\t<div class=\"elementor-widget-container\">\n\t\t\t\t\t\t\t<div class=\"elementor-spacer\">\n\t\t\t<div class=\"elementor-spacer-inner\"><\/div>\n\t\t<\/div>\n\t\t\t\t\t\t<\/div>\n\t\t\t\t<\/div>\n\t\t\t\t<div class=\"elementor-element elementor-element-4b5cbd5 elementor-widget-divider--view-line elementor-widget elementor-widget-divider\" data-id=\"4b5cbd5\" data-element_type=\"widget\" data-widget_type=\"divider.default\">\n\t\t\t\t<div class=\"elementor-widget-container\">\n\t\t\t\t\t\t\t<div class=\"elementor-divider\">\n\t\t\t<span class=\"elementor-divider-separator\">\n\t\t\t\t\t\t<\/span>\n\t\t<\/div>\n\t\t\t\t\t\t<\/div>\n\t\t\t\t<\/div>\n\t\t\t\t\t<\/div>\n\t\t\t\t<\/div>\n\t\t\t\t<\/div>\n\t\t\t\t<section class=\"elementor-section elementor-top-section elementor-element elementor-element-4143f542 elementor-section-height-min-height elementor-section-boxed elementor-section-height-default elementor-section-items-middle\" data-id=\"4143f542\" data-element_type=\"section\" data-settings=\"{&quot;background_background&quot;:&quot;classic&quot;,&quot;shape_divider_bottom&quot;:&quot;waves&quot;}\">\n\t\t\t\t\t\t\t<div class=\"elementor-background-overlay\"><\/div>\n\t\t\t\t\t\t<div class=\"elementor-shape elementor-shape-bottom\" data-negative=\"false\">\n\t\t\t<svg xmlns=\"http:\/\/www.w3.org\/2000\/svg\" viewbox=\"0 0 1000 100\" preserveaspectratio=\"none\">\n\t<path class=\"elementor-shape-fill\" d=\"M421.9,6.5c22.6-2.5,51.5,0.4,75.5,5.3c23.6,4.9,70.9,23.5,100.5,35.7c75.8,32.2,133.7,44.5,192.6,49.7\tc23.6,2.1,48.7,3.5,103.4-2.5c54.7-6,106.2-25.6,106.2-25.6V0H0v30.3c0,0,72,32.6,158.4,30.5c39.2-0.7,92.8-6.7,134-22.4\tc21.2-8.1,52.2-18.2,79.7-24.2C399.3,7.9,411.6,7.5,421.9,6.5z\"\/>\n<\/svg>\t\t<\/div>\n\t\t\t\t\t<div class=\"elementor-container elementor-column-gap-default\">\n\t\t\t\t\t<div class=\"elementor-column elementor-col-100 elementor-top-column elementor-element elementor-element-1cbdc2ce\" data-id=\"1cbdc2ce\" data-element_type=\"column\">\n\t\t\t<div class=\"elementor-widget-wrap elementor-element-populated\">\n\t\t\t\t\t\t<div class=\"elementor-element elementor-element-7c22d6fa elementor-widget elementor-widget-heading\" data-id=\"7c22d6fa\" data-element_type=\"widget\" data-widget_type=\"heading.default\">\n\t\t\t\t<div class=\"elementor-widget-container\">\n\t\t\t\t\t<h1 class=\"elementor-heading-title elementor-size-default\">Informazioni su CO2 Brasserie<\/h1>\t\t\t\t<\/div>\n\t\t\t\t<\/div>\n\t\t\t\t<div class=\"elementor-element elementor-element-6878f279 elementor-widget-divider--view-line elementor-widget elementor-widget-divider\" data-id=\"6878f279\" data-element_type=\"widget\" data-widget_type=\"divider.default\">\n\t\t\t\t<div class=\"elementor-widget-container\">\n\t\t\t\t\t\t\t<div class=\"elementor-divider\">\n\t\t\t<span class=\"elementor-divider-separator\">\n\t\t\t\t\t\t<\/span>\n\t\t<\/div>\n\t\t\t\t\t\t<\/div>\n\t\t\t\t<\/div>\n\t\t\t\t<div class=\"elementor-element elementor-element-16ee9a7 elementor-widget elementor-widget-heading\" data-id=\"16ee9a7\" data-element_type=\"widget\" data-widget_type=\"heading.default\">\n\t\t\t\t<div class=\"elementor-widget-container\">\n\t\t\t\t\t<h3 class=\"elementor-heading-title elementor-size-default\">Progettiamo sistemi ingegnosi per proteggere l'ambiente e servire i nostri clienti\n(economia circolare, risparmio energetico, eco-design, innovazione, condivisione delle risorse)<\/h3>\t\t\t\t<\/div>\n\t\t\t\t<\/div>\n\t\t\t\t\t<\/div>\n\t\t<\/div>\n\t\t\t\t\t<\/div>\n\t\t<\/section>\n\t\t<div class=\"elementor-element elementor-element-3ee63f68 e-con-full e-flex e-con e-parent\" data-id=\"3ee63f68\" data-element_type=\"container\" data-settings=\"{&quot;background_background&quot;:&quot;classic&quot;}\">\n\t\t<div class=\"elementor-element elementor-element-34ec5a37 e-con-full e-flex e-con e-child\" data-id=\"34ec5a37\" data-element_type=\"container\">\n\t\t\t\t<div class=\"elementor-element elementor-element-22886b3b elementor-cta--layout-image-left elementor-cta--mobile-layout-image-above elementor-cta--valign-middle elementor-cta--skin-classic elementor-animated-content elementor-bg-transform elementor-bg-transform-zoom-in elementor-widget elementor-widget-call-to-action\" data-id=\"22886b3b\" data-element_type=\"widget\" data-widget_type=\"call-to-action.default\">\n\t\t\t\t<div class=\"elementor-widget-container\">\n\t\t\t\t\t\t\t<div class=\"elementor-cta\">\n\t\t\t\t\t<div class=\"elementor-cta__bg-wrapper\">\n\t\t\t\t<div class=\"elementor-cta__bg elementor-bg\" style=\"background-image: url(https:\/\/co2-brasserie.fr\/wp-content\/uploads\/2024\/08\/Photo-cuves-cropped-1019x1024.jpg);\" role=\"img\" aria-label=\"Foto delle bombole di CO2\"><\/div>\n\t\t\t\t<div class=\"elementor-cta__bg-overlay\"><\/div>\n\t\t\t<\/div>\n\t\t\t\t\t\t\t\t<\/div>\n\t\t\t\t\t\t<\/div>\n\t\t\t\t<\/div>\n\t\t\t\t<\/div>\n\t\t<div class=\"elementor-element elementor-element-1ce96c86 e-con-full e-flex e-con e-child\" data-id=\"1ce96c86\" data-element_type=\"container\">\n\t\t\t\t<div class=\"elementor-element elementor-element-24df326 elementor-widget elementor-widget-spacer\" data-id=\"24df326\" data-element_type=\"widget\" data-widget_type=\"spacer.default\">\n\t\t\t\t<div class=\"elementor-widget-container\">\n\t\t\t\t\t\t\t<div class=\"elementor-spacer\">\n\t\t\t<div class=\"elementor-spacer-inner\"><\/div>\n\t\t<\/div>\n\t\t\t\t\t\t<\/div>\n\t\t\t\t<\/div>\n\t\t\t\t<div class=\"elementor-element elementor-element-200df70b elementor-widget elementor-widget-heading\" data-id=\"200df70b\" data-element_type=\"widget\" data-widget_type=\"heading.default\">\n\t\t\t\t<div class=\"elementor-widget-container\">\n\t\t\t\t\t<h3 class=\"elementor-heading-title elementor-size-default\">Le origini di CO2 Brasserie<\/h3>\t\t\t\t<\/div>\n\t\t\t\t<\/div>\n\t\t\t\t<div class=\"elementor-element elementor-element-261bbe43 elementor-widget elementor-widget-text-editor\" data-id=\"261bbe43\" data-element_type=\"widget\" data-widget_type=\"text-editor.default\">\n\t\t\t\t<div class=\"elementor-widget-container translation-block\"><em>CO2 Brasserie<\/em> \u00e8 un'offerta proposta dall'azienda <em>W Platform<\/em>.\n\n<br>\n<br>Creata da <em>Matthieu Plant\u00e9<\/em> e <em>Jean-Philippe Ricard<\/em>, questa startup propone attrezzature per la <strong>cattura e valorizzazione della CO2 fermentativa<\/strong>.\n\n<br> <br>Con questa offerta, <em>W Platform<\/em> si rivolge ai <strong>birrai<\/strong> per permettere loro di <strong>riutilizzare<\/strong> la loro <strong>CO2 fermentativa<\/strong> all'interno della loro <strong>birreria<\/strong>.<\/div>\n\t\t\t\t<\/div>\n\t\t\t\t<\/div>\n\t\t\t\t<\/div>\n\t\t<div class=\"elementor-element elementor-element-655e538 e-con-full e-flex e-con e-parent\" data-id=\"655e538\" data-element_type=\"container\" data-settings=\"{&quot;background_background&quot;:&quot;classic&quot;}\">\n\t\t<div class=\"elementor-element elementor-element-53750ad e-con-full e-flex e-con e-child\" data-id=\"53750ad\" data-element_type=\"container\">\n\t\t\t\t<div class=\"elementor-element elementor-element-c553ffb elementor-cta--layout-image-left elementor-cta--mobile-layout-image-above elementor-cta--valign-middle elementor-cta--skin-classic elementor-animated-content elementor-bg-transform elementor-bg-transform-zoom-in elementor-widget elementor-widget-call-to-action\" data-id=\"c553ffb\" data-element_type=\"widget\" data-widget_type=\"call-to-action.default\">\n\t\t\t\t<div class=\"elementor-widget-container\">\n\t\t\t\t\t\t\t<div class=\"elementor-cta\">\n\t\t\t\t\t<div class=\"elementor-cta__bg-wrapper\">\n\t\t\t\t<div class=\"elementor-cta__bg elementor-bg\" style=\"background-image: url(https:\/\/co2-brasserie.fr\/wp-content\/uploads\/2024\/08\/photo-malt-biere.jpg);\" role=\"img\" aria-label=\"Foto birra di malto\"><\/div>\n\t\t\t\t<div class=\"elementor-cta__bg-overlay\"><\/div>\n\t\t\t<\/div>\n\t\t\t\t\t\t\t\t<\/div>\n\t\t\t\t\t\t<\/div>\n\t\t\t\t<\/div>\n\t\t\t\t<\/div>\n\t\t<div class=\"elementor-element elementor-element-d80ea1d e-con-full e-flex e-con e-child\" data-id=\"d80ea1d\" data-element_type=\"container\">\n\t\t\t\t<div class=\"elementor-element elementor-element-734b789 elementor-widget elementor-widget-spacer\" data-id=\"734b789\" data-element_type=\"widget\" data-widget_type=\"spacer.default\">\n\t\t\t\t<div class=\"elementor-widget-container\">\n\t\t\t\t\t\t\t<div class=\"elementor-spacer\">\n\t\t\t<div class=\"elementor-spacer-inner\"><\/div>\n\t\t<\/div>\n\t\t\t\t\t\t<\/div>\n\t\t\t\t<\/div>\n\t\t\t\t<div class=\"elementor-element elementor-element-41f0f57 elementor-widget elementor-widget-heading\" data-id=\"41f0f57\" data-element_type=\"widget\" data-widget_type=\"heading.default\">\n\t\t\t\t<div class=\"elementor-widget-container\">\n\t\t\t\t\t<h3 class=\"elementor-heading-title elementor-size-default\">Per quali birrerie?<\/h3>\t\t\t\t<\/div>\n\t\t\t\t<\/div>\n\t\t\t\t<div class=\"elementor-element elementor-element-99dd0e1 elementor-widget elementor-widget-text-editor\" data-id=\"99dd0e1\" data-element_type=\"widget\" data-widget_type=\"text-editor.default\">\n\t\t\t\t<div class=\"elementor-widget-container\">\n\t\t\t\t\t\t\t\t\t<p><em>Birrificio CO2<\/em> si rivolge <strong>birrerie artigianali<\/strong> :<\/p>\n<p><\/p>\n<ul>\n<li>che producono tra 1 000 hl e 300 000 hl<\/li>\n<li>e che desiderano <strong>catturare la loro CO2 fermentativa<\/strong> e <strong>riutilizzarla<\/strong> attraverso diversi processi (<strong>inerzia<\/strong>, <strong>carbonatazione della birra<\/strong>, <strong>gassificazione dell'acqua<\/strong>&#8230;)<\/li>\n<\/ul>\t\t\t\t\t\t\t\t<\/div>\n\t\t\t\t<\/div>\n\t\t\t\t<\/div>\n\t\t\t\t<\/div>\n\t\t<div class=\"elementor-element elementor-element-046b9c1 e-con-full e-flex e-con e-parent\" data-id=\"046b9c1\" data-element_type=\"container\" data-settings=\"{&quot;background_background&quot;:&quot;classic&quot;}\">\n\t\t<div class=\"elementor-element elementor-element-66b3b76 e-con-full e-flex e-con e-child\" data-id=\"66b3b76\" data-element_type=\"container\">\n\t\t\t\t<div class=\"elementor-element elementor-element-727b0af elementor-cta--layout-image-left elementor-cta--mobile-layout-image-above elementor-cta--valign-middle elementor-cta--skin-classic elementor-animated-content elementor-bg-transform elementor-bg-transform-zoom-in elementor-widget elementor-widget-call-to-action\" data-id=\"727b0af\" data-element_type=\"widget\" data-widget_type=\"call-to-action.default\">\n\t\t\t\t<div class=\"elementor-widget-container\">\n\t\t\t\t\t\t\t<div class=\"elementor-cta\">\n\t\t\t\t\t<div class=\"elementor-cta__bg-wrapper\">\n\t\t\t\t<div class=\"elementor-cta__bg elementor-bg\" style=\"background-image: url(https:\/\/co2-brasserie.fr\/wp-content\/uploads\/2024\/08\/Photo-brasserie-5-1024x899.jpg);\" role=\"img\" aria-label=\"Foto cuve brasserie\"><\/div>\n\t\t\t\t<div class=\"elementor-cta__bg-overlay\"><\/div>\n\t\t\t<\/div>\n\t\t\t\t\t\t\t\t<\/div>\n\t\t\t\t\t\t<\/div>\n\t\t\t\t<\/div>\n\t\t\t\t<\/div>\n\t\t<div class=\"elementor-element elementor-element-a1496c8 e-con-full e-flex e-con e-child\" data-id=\"a1496c8\" data-element_type=\"container\">\n\t\t\t\t<div class=\"elementor-element elementor-element-afd0d1b elementor-widget elementor-widget-spacer\" data-id=\"afd0d1b\" data-element_type=\"widget\" data-widget_type=\"spacer.default\">\n\t\t\t\t<div class=\"elementor-widget-container\">\n\t\t\t\t\t\t\t<div class=\"elementor-spacer\">\n\t\t\t<div class=\"elementor-spacer-inner\"><\/div>\n\t\t<\/div>\n\t\t\t\t\t\t<\/div>\n\t\t\t\t<\/div>\n\t\t\t\t<div class=\"elementor-element elementor-element-48ca10e elementor-widget elementor-widget-heading\" data-id=\"48ca10e\" data-element_type=\"widget\" data-widget_type=\"heading.default\">\n\t\t\t\t<div class=\"elementor-widget-container\">\n\t\t\t\t\t<h3 class=\"elementor-heading-title elementor-size-default\">Perch\u00e9?<\/h3>\t\t\t\t<\/div>\n\t\t\t\t<\/div>\n\t\t\t\t<div class=\"elementor-element elementor-element-9bfcaa0 elementor-widget elementor-widget-text-editor\" data-id=\"9bfcaa0\" data-element_type=\"widget\" data-widget_type=\"text-editor.default\">\n\t\t\t\t<div class=\"elementor-widget-container translation-block\"><em>CO2 Brasserie<\/em> risponde a una richiesta delle <strong>birrerie<\/strong> per <strong>catturare la loro CO2<\/strong> <strong>proveniente dalla fermentazione<\/strong>. <br> <br> Oggi, le uniche soluzioni proposte sono destinate alle grandi birrerie industriali e sono costose e complesse.\n\n<br> <br> Con questa offerta, <em>CO2 Brasserie<\/em> mira a rendere accessibile la <strong>cattura della CO2<\/strong> in una logica di <strong>economia circolare<\/strong>.<\/div>\n\t\t\t\t<\/div>\n\t\t\t\t<\/div>\n\t\t\t\t<\/div>\n\t\t\t\t<\/div>","protected":false},"excerpt":{"rendered":"<p>\u00c0 propos de CO2 Brasserie Nous concevons des syst\u00e8mes ing\u00e9nieux pour prot\u00e9ger l\u2019environnement et servir nos clients (\u00e9conomie circulaire, \u00e9conomie d\u2019\u00e9nergie, \u00e9coconception, innovation, partage de ressource) Les origines de CO2 Brasserie CO2 Brasserie est une offre propos\u00e9e par l&rsquo;entreprise W Platform. Cr\u00e9\u00e9e par Matthieu Plant\u00e9 et Jean-Philippe Ricard, cette startup propose des \u00e9quipements de captation [&hellip;]<\/p>","protected":false},"author":2,"featured_media":0,"parent":0,"menu_order":0,"comment_status":"closed","ping_status":"closed","template":"elementor_header_footer","meta":{"om_disable_all_campaigns":false,"_monsterinsights_skip_tracking":false,"_monsterinsights_sitenote_active":false,"_monsterinsights_sitenote_note":"","_monsterinsights_sitenote_category":0,"footnotes":""},"class_list":["post-577","page","type-page","status-publish","hentry"],"aioseo_notices":[],"_links":{"self":[{"href":"https:\/\/co2-brasserie.fr\/it\/wp-json\/wp\/v2\/pages\/577","targetHints":{"allow":["GET"]}}],"collection":[{"href":"https:\/\/co2-brasserie.fr\/it\/wp-json\/wp\/v2\/pages"}],"about":[{"href":"https:\/\/co2-brasserie.fr\/it\/wp-json\/wp\/v2\/types\/page"}],"author":[{"embeddable":true,"href":"https:\/\/co2-brasserie.fr\/it\/wp-json\/wp\/v2\/users\/2"}],"replies":[{"embeddable":true,"href":"https:\/\/co2-brasserie.fr\/it\/wp-json\/wp\/v2\/comments?post=577"}],"version-history":[{"count":173,"href":"https:\/\/co2-brasserie.fr\/it\/wp-json\/wp\/v2\/pages\/577\/revisions"}],"predecessor-version":[{"id":2208,"href":"https:\/\/co2-brasserie.fr\/it\/wp-json\/wp\/v2\/pages\/577\/revisions\/2208"}],"wp:attachment":[{"href":"https:\/\/co2-brasserie.fr\/it\/wp-json\/wp\/v2\/media?parent=577"}],"curies":[{"name":"wp","href":"https:\/\/api.w.org\/{rel}","templated":true}]}}